{"id":12108,"date":"2022-03-31T18:11:08","date_gmt":"2022-03-31T16:11:08","guid":{"rendered":"https:\/\/lineaoral.es\/?page_id=12108"},"modified":"2024-06-17T09:12:24","modified_gmt":"2024-06-17T07:12:24","slug":"javier-carrillo","status":"publish","type":"page","link":"https:\/\/lineaoral.es\/index.php\/javier-carrillo\/","title":{"rendered":"Javier Carrillo"},"content":{"rendered":"\t\t<div data-elementor-type=\"wp-page\" data-elementor-id=\"12108\" class=\"elementor elementor-12108\">\n\t\t\t\t\t\t\t        <section class=\"elementor-section elementor-top-section elementor-element elementor-element-cfa0229 elementor-section-content-middle elementor-section-stretched elementor-section-boxed elementor-section-height-default elementor-section-height-default ct-header-fixed-none ct-column-none ct-row-scroll-none\" data-id=\"cfa0229\" data-element_type=\"section\" data-settings=\"{&quot;stretch_section&quot;:&quot;section-stretched&quot;}\">\n            \n                        <div class=\"elementor-container elementor-column-gap-extended \">\n                    <div class=\"elementor-column elementor-col-50 elementor-top-column elementor-element elementor-element-4dbb5c6 ct-column-none\" data-id=\"4dbb5c6\" data-element_type=\"column\" data-settings=\"{&quot;background_background&quot;:&quot;classic&quot;}\">\n            <div class=\"elementor-widget-wrap elementor-element-populated\">\n                    <div class=\"elementor-background-overlay\"><\/div>\n                        \t\t<div class=\"elementor-element elementor-element-386eccc elementor-widget elementor-widget-spacer\" data-id=\"386eccc\" data-element_type=\"widget\" data-widget_type=\"spacer.default\">\n\t\t\t\t<div class=\"elementor-widget-container\">\n\t\t\t<style>\/*! elementor - v3.8.0 - 30-10-2022 *\/\n.elementor-column .elementor-spacer-inner{height:var(--spacer-size)}.e-con{--container-widget-width:100%}.e-con-inner>.elementor-widget-spacer,.e-con>.elementor-widget-spacer{width:var(--container-widget-width,var(--spacer-size));-ms-flex-item-align:stretch;align-self:stretch;-ms-flex-negative:0;flex-shrink:0}.e-con-inner>.elementor-widget-spacer>.elementor-widget-container,.e-con-inner>.elementor-widget-spacer>.elementor-widget-container>.elementor-spacer,.e-con>.elementor-widget-spacer>.elementor-widget-container,.e-con>.elementor-widget-spacer>.elementor-widget-container>.elementor-spacer{height:100%}.e-con-inner>.elementor-widget-spacer>.elementor-widget-container>.elementor-spacer>.elementor-spacer-inner,.e-con>.elementor-widget-spacer>.elementor-widget-container>.elementor-spacer>.elementor-spacer-inner{height:var(--container-widget-height,var(--spacer-size))}<\/style>\t\t<div class=\"elementor-spacer\">\n\t\t\t<div class=\"elementor-spacer-inner\"><\/div>\n\t\t<\/div>\n\t\t\t\t<\/div>\n\t\t\t\t<\/div>\n\t\t            <\/div>\n        <\/div>\n                <div class=\"elementor-column elementor-col-50 elementor-top-column elementor-element elementor-element-09f3c51 ct-column-none\" data-id=\"09f3c51\" data-element_type=\"column\" data-settings=\"{&quot;background_background&quot;:&quot;classic&quot;}\">\n            <div class=\"elementor-widget-wrap elementor-element-populated\">\n                                <section class=\"elementor-section elementor-inner-section elementor-element elementor-element-10a710a elementor-section-content-middle elementor-section-boxed elementor-section-height-default elementor-section-height-default ct-header-fixed-none ct-column-none ct-row-scroll-none\" data-id=\"10a710a\" data-element_type=\"section\">\n            \n                        <div class=\"elementor-container elementor-column-gap-extended \">\n                    <div class=\"elementor-column elementor-col-50 elementor-inner-column elementor-element elementor-element-12ff2e1 ct-column-none\" data-id=\"12ff2e1\" data-element_type=\"column\">\n            <div class=\"elementor-widget-wrap elementor-element-populated\">\n                        \t\t<div class=\"elementor-element elementor-element-cb66649 elementor-widget elementor-widget-ct_heading\" data-id=\"cb66649\" data-element_type=\"widget\" data-widget_type=\"ct_heading.default\">\n\t\t\t\t<div class=\"elementor-widget-container\">\n\t\t\t<div class=\"ct-heading h-align- item-st-default\">\r\n\t\t\t<div class=\"item--sub-title\">\r\n            <span>\r\n                Javier Carrillo            <\/span>\r\n        <\/div>\r\n\t    <h3 class=\"item--title case-animate-time st-default \" data-wow-delay=\"ms\">\r\n        <span>Cirujano e Implant\u00f3logo<\/span>    <\/h3>\r\n<\/div>\r\n\r\n\t\t<\/div>\n\t\t\t\t<\/div>\n\t\t            <\/div>\n        <\/div>\n                <div class=\"elementor-column elementor-col-50 elementor-inner-column elementor-element elementor-element-966aa32 ct-column-none\" data-id=\"966aa32\" data-element_type=\"column\">\n            <div class=\"elementor-widget-wrap elementor-element-populated\">\n                        \t\t<div class=\"elementor-element elementor-element-04a70e6 elementor-align-right elementor-align-left elementor-widget elementor-widget-ct_button\" data-id=\"04a70e6\" data-element_type=\"widget\" data-widget_type=\"ct_button.default\">\n\t\t\t\t<div class=\"elementor-widget-container\">\n\t\t\t<div id=\"ct_button-04a70e6\" class=\"ct-button-wrapper ct-button-layout1\">\r\n            <span class=\"ct-icon-active\"><\/span>\r\n        <a href=\"https:\/\/lineaoral.es\/#citas\" class=\"btn btn-default btn-animate  icon-ps-left \" data-wow-delay=\"ms\">\r\n                            <span class=\"ct-button-icon ct-align-icon-left\">\r\n                            <\/span>\r\n                <span class=\"ct-button-text\">Haz tu cita ahora +<\/span>\r\n    <\/a>\r\n<\/div>\t\t<\/div>\n\t\t\t\t<\/div>\n\t\t            <\/div>\n        <\/div>\n                            <\/div>\n        <\/section>\n        \t\t<div class=\"elementor-element elementor-element-b33ab37 elementor-widget elementor-widget-ct_text_editor\" data-id=\"b33ab37\" data-element_type=\"widget\" data-widget_type=\"ct_text_editor.default\">\n\t\t\t\t<div class=\"elementor-widget-container\">\n\t\t\t<div id=\"ct_text_editor-b33ab37\" class=\"ct-text-editor \" data-wow-delay=\"ms\">\n\t<div class=\"ct-inline-css\"  data-css=\"\n        \t\t\">\n\n    <\/div>\n\t<div class=\"ct-text-editor elementor-clearfix\">\n\t\t<p>Mi nombre es Javier Mauricio Carrillo Luna. Soy odont\u00f3logo egresado de la Universidad de Valencia en 2007. Me especialic\u00e9 en Cirug\u00eda e Implantolog\u00eda Bucofacial en la Universidad de Barcelona motivado por las constantes innovaciones cient\u00edficas y t\u00e9cnicas que se dan en este campo que ha resultado ser fundamental para el bienestar de los pacientes que pierden piezas dentales. He participado en calidad de comunicador oral en eventos como el Congreso Nacional de Cirug\u00eda Bucal organizado por la Sociedad Espa\u00f1ola de Cirug\u00eda Bucal, as\u00ed como en el Congreso Nacional de Disfunci\u00f3n Craneomandibular y Dolor Orofacial organizado por SEDCYOD &#8211; Sociedad Espa\u00f1ola de Disfunci\u00f3n Craneomandibular y Dolor Orofacial en 2011.<\/p>\t\t\n\t<\/div>\n<\/div>\t\t<\/div>\n\t\t\t\t<\/div>\n\t\t        <section class=\"elementor-section elementor-inner-section elementor-element elementor-element-58689f4 elementor-section-content-middle elementor-section-boxed elementor-section-height-default elementor-section-height-default ct-header-fixed-none ct-column-none ct-row-scroll-none\" data-id=\"58689f4\" data-element_type=\"section\">\n            \n                        <div class=\"elementor-container elementor-column-gap-extended \">\n                    <div class=\"elementor-column elementor-col-50 elementor-inner-column elementor-element elementor-element-a795eaf ct-column-none\" data-id=\"a795eaf\" data-element_type=\"column\">\n            <div class=\"elementor-widget-wrap\">\n                                    <\/div>\n        <\/div>\n                <div class=\"elementor-column elementor-col-50 elementor-inner-column elementor-element elementor-element-7037e91 ct-column-none\" data-id=\"7037e91\" data-element_type=\"column\">\n            <div class=\"elementor-widget-wrap elementor-element-populated\">\n                        \t\t<div class=\"elementor-element elementor-element-8a2888b elementor-align-right elementor-align-left elementor-widget elementor-widget-ct_button\" data-id=\"8a2888b\" data-element_type=\"widget\" data-widget_type=\"ct_button.default\">\n\t\t\t\t<div class=\"elementor-widget-container\">\n\t\t\t<div id=\"ct_button-8a2888b\" class=\"ct-button-wrapper ct-button-layout1\">\r\n            <span class=\"ct-icon-active\"><\/span>\r\n        <a href=\"https:\/\/lineaoral.es\/#especialistas\" class=\"btn btn-default btn-animate  icon-ps-left \" data-wow-delay=\"ms\">\r\n                            <span class=\"ct-button-icon ct-align-icon-left\">\r\n                            <\/span>\r\n                <span class=\"ct-button-text\">Volver<\/span>\r\n    <\/a>\r\n<\/div>\t\t<\/div>\n\t\t\t\t<\/div>\n\t\t            <\/div>\n        <\/div>\n                            <\/div>\n        <\/section>\n                    <\/div>\n        <\/div>\n                            <\/div>\n        <\/section>\n        \t\t\t\t\t<\/div>\n\t\t","protected":false},"excerpt":{"rendered":"<p>Javier Carrillo Cirujano e Implant\u00f3logo Haz tu cita ahora + Mi nombre es Javier Mauricio Carrillo Luna. Soy odont\u00f3logo egresado de la Universidad de Valencia en 2007. Me especialic\u00e9 en Cirug\u00eda e Implantolog\u00eda Bucofacial en la Universidad de Barcelona motivado por las constantes innovaciones cient\u00edficas y t\u00e9cnicas que se dan en este campo que ha [&hellip;]<\/p>\n","protected":false},"author":1,"featured_media":0,"parent":0,"menu_order":0,"comment_status":"closed","ping_status":"closed","template":"","meta":{"_joinchat":[],"footnotes":""},"class_list":["post-12108","page","type-page","status-publish","hentry"],"_links":{"self":[{"href":"https:\/\/lineaoral.es\/index.php\/wp-json\/wp\/v2\/pages\/12108","targetHints":{"allow":["GET"]}}],"collection":[{"href":"https:\/\/lineaoral.es\/index.php\/wp-json\/wp\/v2\/pages"}],"about":[{"href":"https:\/\/lineaoral.es\/index.php\/wp-json\/wp\/v2\/types\/page"}],"author":[{"embeddable":true,"href":"https:\/\/lineaoral.es\/index.php\/wp-json\/wp\/v2\/users\/1"}],"replies":[{"embeddable":true,"href":"https:\/\/lineaoral.es\/index.php\/wp-json\/wp\/v2\/comments?post=12108"}],"version-history":[{"count":16,"href":"https:\/\/lineaoral.es\/index.php\/wp-json\/wp\/v2\/pages\/12108\/revisions"}],"predecessor-version":[{"id":12399,"href":"https:\/\/lineaoral.es\/index.php\/wp-json\/wp\/v2\/pages\/12108\/revisions\/12399"}],"wp:attachment":[{"href":"https:\/\/lineaoral.es\/index.php\/wp-json\/wp\/v2\/media?parent=12108"}],"curies":[{"name":"wp","href":"https:\/\/api.w.org\/{rel}","templated":true}]}}