{"id":12412,"date":"2025-05-14T00:00:49","date_gmt":"2025-05-13T22:00:49","guid":{"rendered":"https:\/\/lineaoral.es\/?page_id=12412"},"modified":"2025-05-14T08:13:43","modified_gmt":"2025-05-14T06:13:43","slug":"maria-del-carmen-acevedo","status":"publish","type":"page","link":"https:\/\/lineaoral.es\/index.php\/maria-del-carmen-acevedo\/","title":{"rendered":"Mar\u00eda del Carmen Acevedo"},"content":{"rendered":"\t\t<div data-elementor-type=\"wp-page\" data-elementor-id=\"12412\" class=\"elementor elementor-12412\">\n\t\t\t\t\t\t\t        <section class=\"elementor-section elementor-top-section elementor-element elementor-element-cfa0229 elementor-section-content-middle elementor-section-stretched elementor-section-boxed elementor-section-height-default elementor-section-height-default ct-header-fixed-none ct-column-none ct-row-scroll-none\" data-id=\"cfa0229\" data-element_type=\"section\" data-settings=\"{&quot;stretch_section&quot;:&quot;section-stretched&quot;}\">\n            \n                        <div class=\"elementor-container elementor-column-gap-extended \">\n                    <div class=\"elementor-column elementor-col-50 elementor-top-column elementor-element elementor-element-4dbb5c6 ct-column-none\" data-id=\"4dbb5c6\" data-element_type=\"column\" data-settings=\"{&quot;background_background&quot;:&quot;classic&quot;}\">\n            <div class=\"elementor-widget-wrap elementor-element-populated\">\n                    <div class=\"elementor-background-overlay\"><\/div>\n                        \t\t<div class=\"elementor-element elementor-element-386eccc elementor-widget elementor-widget-spacer\" data-id=\"386eccc\" data-element_type=\"widget\" data-widget_type=\"spacer.default\">\n\t\t\t\t<div class=\"elementor-widget-container\">\n\t\t\t<style>\/*! elementor - v3.8.0 - 30-10-2022 *\/\n.elementor-column .elementor-spacer-inner{height:var(--spacer-size)}.e-con{--container-widget-width:100%}.e-con-inner>.elementor-widget-spacer,.e-con>.elementor-widget-spacer{width:var(--container-widget-width,var(--spacer-size));-ms-flex-item-align:stretch;align-self:stretch;-ms-flex-negative:0;flex-shrink:0}.e-con-inner>.elementor-widget-spacer>.elementor-widget-container,.e-con-inner>.elementor-widget-spacer>.elementor-widget-container>.elementor-spacer,.e-con>.elementor-widget-spacer>.elementor-widget-container,.e-con>.elementor-widget-spacer>.elementor-widget-container>.elementor-spacer{height:100%}.e-con-inner>.elementor-widget-spacer>.elementor-widget-container>.elementor-spacer>.elementor-spacer-inner,.e-con>.elementor-widget-spacer>.elementor-widget-container>.elementor-spacer>.elementor-spacer-inner{height:var(--container-widget-height,var(--spacer-size))}<\/style>\t\t<div class=\"elementor-spacer\">\n\t\t\t<div class=\"elementor-spacer-inner\"><\/div>\n\t\t<\/div>\n\t\t\t\t<\/div>\n\t\t\t\t<\/div>\n\t\t            <\/div>\n        <\/div>\n                <div class=\"elementor-column elementor-col-50 elementor-top-column elementor-element elementor-element-09f3c51 ct-column-none\" data-id=\"09f3c51\" data-element_type=\"column\" data-settings=\"{&quot;background_background&quot;:&quot;classic&quot;}\">\n            <div class=\"elementor-widget-wrap elementor-element-populated\">\n                                <section class=\"elementor-section elementor-inner-section elementor-element elementor-element-10a710a elementor-section-content-middle elementor-section-boxed elementor-section-height-default elementor-section-height-default ct-header-fixed-none ct-column-none ct-row-scroll-none\" data-id=\"10a710a\" data-element_type=\"section\">\n            \n                        <div class=\"elementor-container elementor-column-gap-extended \">\n                    <div class=\"elementor-column elementor-col-50 elementor-inner-column elementor-element elementor-element-12ff2e1 ct-column-none\" data-id=\"12ff2e1\" data-element_type=\"column\">\n            <div class=\"elementor-widget-wrap elementor-element-populated\">\n                        \t\t<div class=\"elementor-element elementor-element-cb66649 elementor-widget elementor-widget-ct_heading\" data-id=\"cb66649\" data-element_type=\"widget\" data-widget_type=\"ct_heading.default\">\n\t\t\t\t<div class=\"elementor-widget-container\">\n\t\t\t<div class=\"ct-heading h-align- item-st-default\">\r\n\t\t\t<div class=\"item--sub-title\">\r\n            <span>\r\n                Mar\u00eda del Carmen Acevedo            <\/span>\r\n        <\/div>\r\n\t    <h3 class=\"item--title case-animate-time st-default \" data-wow-delay=\"ms\">\r\n        <span>Odontopediatra<\/span>    <\/h3>\r\n<\/div>\r\n\r\n\t\t<\/div>\n\t\t\t\t<\/div>\n\t\t            <\/div>\n        <\/div>\n                <div class=\"elementor-column elementor-col-50 elementor-inner-column elementor-element elementor-element-966aa32 ct-column-none\" data-id=\"966aa32\" data-element_type=\"column\">\n            <div class=\"elementor-widget-wrap elementor-element-populated\">\n                        \t\t<div class=\"elementor-element elementor-element-04a70e6 elementor-align-right elementor-align-left elementor-widget elementor-widget-ct_button\" data-id=\"04a70e6\" data-element_type=\"widget\" data-widget_type=\"ct_button.default\">\n\t\t\t\t<div class=\"elementor-widget-container\">\n\t\t\t<div id=\"ct_button-04a70e6\" class=\"ct-button-wrapper ct-button-layout1\">\r\n            <span class=\"ct-icon-active\"><\/span>\r\n        <a href=\"https:\/\/lineaoral.es\/#citas\" class=\"btn btn-default btn-animate  icon-ps-left \" data-wow-delay=\"ms\">\r\n                            <span class=\"ct-button-icon ct-align-icon-left\">\r\n                            <\/span>\r\n                <span class=\"ct-button-text\">Haz tu cita ahora +<\/span>\r\n    <\/a>\r\n<\/div>\t\t<\/div>\n\t\t\t\t<\/div>\n\t\t            <\/div>\n        <\/div>\n                            <\/div>\n        <\/section>\n        \t\t<div class=\"elementor-element elementor-element-b33ab37 elementor-widget elementor-widget-ct_text_editor\" data-id=\"b33ab37\" data-element_type=\"widget\" data-widget_type=\"ct_text_editor.default\">\n\t\t\t\t<div class=\"elementor-widget-container\">\n\t\t\t<div id=\"ct_text_editor-b33ab37\" class=\"ct-text-editor \" data-wow-delay=\"ms\">\n\t<div class=\"ct-inline-css\"  data-css=\"\n        \t\t\">\n\n    <\/div>\n\t<div class=\"ct-text-editor elementor-clearfix\">\n\t\tSoy odont\u00f3loga, egresada de la Universidad del Zulia (Venezuela), y especialista en Odontopediatr\u00eda por la Universidad Santa Mar\u00eda en Caracas. Me dedico al tratamiento preventivo y correctivo, as\u00ed como a la atenci\u00f3n cl\u00ednica del beb\u00e9 y de ni\u00f1os con necesidades especiales.<br>\nPara complementar mi formaci\u00f3n, realic\u00e9 una Diplomatura en Ortopedia Funcional de los Maxilares, con enfoque transdisciplinario, en la Universidad Abierta Interamericana de Rosario (Argentina).\nEn la cl\u00ednica, atiendo pacientes en general, aunque mi enfoque principal y vocaci\u00f3n est\u00e1 orientada a la atenci\u00f3n odontol\u00f3gica integral de ni\u00f1os.\t\t\n\t<\/div>\n<\/div>\t\t<\/div>\n\t\t\t\t<\/div>\n\t\t        <section class=\"elementor-section elementor-inner-section elementor-element elementor-element-87e9596 elementor-section-content-middle elementor-section-boxed elementor-section-height-default elementor-section-height-default ct-header-fixed-none ct-column-none ct-row-scroll-none\" data-id=\"87e9596\" data-element_type=\"section\">\n            \n                        <div class=\"elementor-container elementor-column-gap-extended \">\n                    <div class=\"elementor-column elementor-col-50 elementor-inner-column elementor-element elementor-element-7f19435 ct-column-none\" data-id=\"7f19435\" data-element_type=\"column\">\n            <div class=\"elementor-widget-wrap\">\n                                    <\/div>\n        <\/div>\n                <div class=\"elementor-column elementor-col-50 elementor-inner-column elementor-element elementor-element-0994cfe ct-column-none\" data-id=\"0994cfe\" data-element_type=\"column\">\n            <div class=\"elementor-widget-wrap elementor-element-populated\">\n                        \t\t<div class=\"elementor-element elementor-element-1cba12d elementor-align-right elementor-align-left elementor-widget elementor-widget-ct_button\" data-id=\"1cba12d\" data-element_type=\"widget\" data-widget_type=\"ct_button.default\">\n\t\t\t\t<div class=\"elementor-widget-container\">\n\t\t\t<div id=\"ct_button-1cba12d\" class=\"ct-button-wrapper ct-button-layout1\">\r\n            <span class=\"ct-icon-active\"><\/span>\r\n        <a href=\"https:\/\/lineaoral.es\/#especialistas\" class=\"btn btn-default btn-animate  icon-ps-left \" data-wow-delay=\"ms\">\r\n                            <span class=\"ct-button-icon ct-align-icon-left\">\r\n                            <\/span>\r\n                <span class=\"ct-button-text\">Volver<\/span>\r\n    <\/a>\r\n<\/div>\t\t<\/div>\n\t\t\t\t<\/div>\n\t\t            <\/div>\n        <\/div>\n                            <\/div>\n        <\/section>\n                    <\/div>\n        <\/div>\n                            <\/div>\n        <\/section>\n        \t\t\t\t\t<\/div>\n\t\t","protected":false},"excerpt":{"rendered":"<p>Mar\u00eda del Carmen Acevedo Odontopediatra Haz tu cita ahora + Soy odont\u00f3loga, egresada de la Universidad del Zulia (Venezuela), y especialista en Odontopediatr\u00eda por la Universidad Santa Mar\u00eda en Caracas. Me dedico al tratamiento preventivo y correctivo, as\u00ed como a la atenci\u00f3n cl\u00ednica del beb\u00e9 y de ni\u00f1os con necesidades especiales. Para complementar mi formaci\u00f3n, [&hellip;]<\/p>\n","protected":false},"author":1,"featured_media":0,"parent":0,"menu_order":0,"comment_status":"closed","ping_status":"closed","template":"","meta":{"_joinchat":[],"footnotes":""},"class_list":["post-12412","page","type-page","status-publish","hentry"],"_links":{"self":[{"href":"https:\/\/lineaoral.es\/index.php\/wp-json\/wp\/v2\/pages\/12412","targetHints":{"allow":["GET"]}}],"collection":[{"href":"https:\/\/lineaoral.es\/index.php\/wp-json\/wp\/v2\/pages"}],"about":[{"href":"https:\/\/lineaoral.es\/index.php\/wp-json\/wp\/v2\/types\/page"}],"author":[{"embeddable":true,"href":"https:\/\/lineaoral.es\/index.php\/wp-json\/wp\/v2\/users\/1"}],"replies":[{"embeddable":true,"href":"https:\/\/lineaoral.es\/index.php\/wp-json\/wp\/v2\/comments?post=12412"}],"version-history":[{"count":13,"href":"https:\/\/lineaoral.es\/index.php\/wp-json\/wp\/v2\/pages\/12412\/revisions"}],"predecessor-version":[{"id":12460,"href":"https:\/\/lineaoral.es\/index.php\/wp-json\/wp\/v2\/pages\/12412\/revisions\/12460"}],"wp:attachment":[{"href":"https:\/\/lineaoral.es\/index.php\/wp-json\/wp\/v2\/media?parent=12412"}],"curies":[{"name":"wp","href":"https:\/\/api.w.org\/{rel}","templated":true}]}}